{"id":338,"date":"2015-03-10T02:45:13","date_gmt":"2015-03-10T02:45:13","guid":{"rendered":"https:\/\/structure.thememove.com\/?page_id=338"},"modified":"2024-09-16T12:24:59","modified_gmt":"2024-09-16T12:24:59","slug":"project-management","status":"publish","type":"page","link":"https:\/\/aksuengineering.com\/?page_id=338","title":{"rendered":"M\u00fchendislik ve M\u00fc\u015favirlik Hizmetlerimiz"},"content":{"rendered":"<section class=\"wpb-content-wrapper\"><p>[vc_row css=&#8221;.vc_custom_1433128525365{margin-top: 0px !important;margin-bottom: 40px !important;}&#8221;][vc_column][vc_custom_heading text=&#8221;M\u00fchendislik ve M\u00fc\u015favirlik Hizmetlerimiz&#8221; font_container=&#8221;tag:h2|font_size:20|text_align:left&#8221; el_class=&#8221;heading-title-3&#8243;][vc_column_text]Aksu M\u00fchendislik da\u011f\u0131t\u0131m tesisleri, hastaneler, fabrikalar, al\u0131\u015fveri\u015f merkezileri, i\u015f merkezleri, oteller, sosyal tesisler v.b. gibi tesislerin elektrik, mekanik sistemlerinin projelendirilmesi, ilgili makamlardan onay al\u0131nmas\u0131, m\u00fc\u015favirlik hizmetlerinin verilmesi ve sistem kontrol hizmetleri vermektedir.[\/vc_column_text][\/vc_column][\/vc_row][vc_row css=&#8221;.vc_custom_1433128537128{margin-bottom: 50px !important;}&#8221;][vc_column width=&#8221;1\/2&#8243;][vc_custom_heading text=&#8221;Elektrik Proje Hizmetlerimiz&#8221; font_container=&#8221;tag:h2|font_size:20|text_align:left&#8221; el_class=&#8221;heading-title-3&#8243;][vc_column_text]<img loading=\"lazy\" decoding=\"async\" class=\"alignnone size-medium wp-image-75585\" src=\"https:\/\/aksuengineering.com\/wp-content\/uploads\/2024\/09\/photo4-300x200.jpg\" alt=\"\" width=\"300\" height=\"200\" srcset=\"https:\/\/aksuengineering.com\/wp-content\/uploads\/2024\/09\/photo4-300x200.jpg 300w, https:\/\/aksuengineering.com\/wp-content\/uploads\/2024\/09\/photo4-768x512.jpg 768w, https:\/\/aksuengineering.com\/wp-content\/uploads\/2024\/09\/photo4-600x400.jpg 600w, https:\/\/aksuengineering.com\/wp-content\/uploads\/2024\/09\/photo4.jpg 960w\" sizes=\"auto, (max-width: 300px) 100vw, 300px\" \/>[\/vc_column_text][\/vc_column][vc_column width=&#8221;1\/2&#8243;][vc_empty_space height=&#8221;20&#8243;][vc_column_text]Enerji \u00fcretim, iletim ve da\u011f\u0131t\u0131m sistemleri<br \/>\nO.G. ve A.G. sistemleri<br \/>\nGenel ve \u00f6zel ayd\u0131nlatma sistemleri<br \/>\nTopraklama ve y\u0131ld\u0131r\u0131mdan korunma sistemleri<br \/>\nTrafo merkezleri ve enerji da\u011f\u0131t\u0131m merkezleri<br \/>\nKablo ta\u015f\u0131ma sistemleri<br \/>\nAyd\u0131nlatma kontrol ve otomasyon sistemleri<br \/>\nEnerji izleme ve kontrol sistemleri<br \/>\nYang\u0131n alg\u0131lama sistemleri<br \/>\nHaberle\u015fme ve yap\u0131sal kablolama sistemleri<br \/>\nTV anten sistemleri<br \/>\nG\u00fcvenlik sistemleri<br \/>\nSes ve g\u00f6r\u00fcnt\u00fc sistemleri<br \/>\nProfesyonel ses, \u0131\u015f\u0131k ve g\u00f6r\u00fcnt\u00fc sistemleri<br \/>\n\u00d6zel teknik \u015fartname ve ihale dosyas\u0131 haz\u0131rlanmas\u0131<br \/>\nMesleki kontrolluk ve m\u00fc\u015favirlik hizmetleri[\/vc_column_text][\/vc_column][\/vc_row][vc_row css=&#8221;.vc_custom_1433128537128{margin-bottom: 50px !important;}&#8221;][vc_column width=&#8221;1\/2&#8243;][vc_custom_heading text=&#8221;Mekanik Proje Hizmetlerimiz&#8221; font_container=&#8221;tag:h2|font_size:20|text_align:left&#8221; el_class=&#8221;heading-title-3&#8243;][vc_column_text]<img loading=\"lazy\" decoding=\"async\" class=\"alignnone size-medium wp-image-75581\" src=\"https:\/\/aksuengineering.com\/wp-content\/uploads\/2024\/09\/icon2-300x188.jpg\" alt=\"\" width=\"300\" height=\"188\" srcset=\"https:\/\/aksuengineering.com\/wp-content\/uploads\/2024\/09\/icon2-300x188.jpg 300w, https:\/\/aksuengineering.com\/wp-content\/uploads\/2024\/09\/icon2.jpg 400w\" sizes=\"auto, (max-width: 300px) 100vw, 300px\" \/>[\/vc_column_text][\/vc_column][vc_column width=&#8221;1\/2&#8243;][vc_empty_space height=&#8221;20&#8243;][vc_column_text]S\u0131hhi tesisat sistemleri<br \/>\nIs\u0131tma tesisat\u0131 sistemleri<br \/>\nKlima tesisat\u0131 sistemleri<br \/>\nYang\u0131ndan korunma tesisat\u0131 sistemleri<br \/>\nHavaland\u0131rma tesisat\u0131 sistemleri<br \/>\nIs\u0131 Yal\u0131t\u0131m raporlar\u0131<br \/>\nKablo ta\u015f\u0131ma sistemleri<br \/>\n\u00d6zel teknik \u015fartname ve ihale dosyas\u0131 haz\u0131rlanmas\u0131<br \/>\nMesleki kontrolluk ve m\u00fc\u015favirlik hizmetleri[\/vc_column_text][\/vc_column][\/vc_row][vc_row css=&#8221;.vc_custom_1433128537128{margin-bottom: 50px !important;}&#8221;][vc_column width=&#8221;1\/2&#8243;][vc_custom_heading text=&#8221;M\u00fchendislik Hizmetlerimiz&#8221; font_container=&#8221;tag:h2|font_size:20|text_align:left&#8221; el_class=&#8221;heading-title-3&#8243;][vc_column_text]<img loading=\"lazy\" decoding=\"async\" class=\"alignnone size-medium wp-image-75584\" src=\"https:\/\/aksuengineering.com\/wp-content\/uploads\/2024\/09\/photo2-300x198.jpg\" alt=\"\" width=\"300\" height=\"198\" srcset=\"https:\/\/aksuengineering.com\/wp-content\/uploads\/2024\/09\/photo2-300x198.jpg 300w, https:\/\/aksuengineering.com\/wp-content\/uploads\/2024\/09\/photo2-600x395.jpg 600w, https:\/\/aksuengineering.com\/wp-content\/uploads\/2024\/09\/photo2.jpg 619w\" sizes=\"auto, (max-width: 300px) 100vw, 300px\" \/>[\/vc_column_text][\/vc_column][vc_column width=&#8221;1\/2&#8243;][vc_empty_space height=&#8221;20&#8243;][vc_column_text]Enerji Kimlik Belgesi Haz\u0131rlanmas\u0131<br \/>\nY\u00fcksek Gerilim (Trafo) \u0130\u015fletme Sorumlulu\u011fu<br \/>\nTeknik Uygulama Sorumlulu\u011fu<br \/>\nBilirki\u015filik Hizmetleri<\/p>\n<p>Elektrik \u0130\u00e7 Tesisleri Denetimi ve Raporlanmas\u0131<\/p>\n<p>AG &#8211; O.G Topraklama \u00f6l\u00e7\u00fcm ve Y\u0131ld\u0131r\u0131mdan koruma muayene raporlar\u0131 haz\u0131rlanmas\u0131<\/p>\n<p>Bilirki\u015filik Hizmetleri<\/p>\n<p>M\u00fc\u015favirlik hizmetleri<\/p>\n<p>\u00d6zel teknik \u015fartname ve ihale dosyas\u0131 haz\u0131rlanmas\u0131<br \/>\nMesleki kontrolluk ve m\u00fc\u015favirlik hizmetleri[\/vc_column_text][\/vc_column][\/vc_row][vc_row css=&#8221;.vc_custom_1433128571469{margin-top: 50px !important;margin-bottom: 40px !important;}&#8221;][vc_column][vc_custom_heading text=&#8221;H\u0130ZMETLER\u0130M\u0130ZDE NELER DAH\u0130L?&#8221; font_container=&#8221;tag:h2|font_size:20|text_align:left&#8221; el_class=&#8221;heading-title-3&#8243;][vc_accordion][vc_accordion_tab title=&#8221;Proje Planlama ve Y\u00f6netimi&#8221;][vc_column_text]<\/p>\n<ul>\n<li><strong>Kapsam Tan\u0131mlama:<\/strong> Projelerin hedeflerini ve gereksinimlerini net bir \u015fekilde belirleriz.<\/li>\n<li><strong>Zaman \u00c7izelgesi Olu\u015fturma:<\/strong> Proje a\u015famalar\u0131n\u0131 ve teslim tarihlerimizi planlayarak, zaman\u0131nda tamamlanmas\u0131n\u0131 sa\u011flar\u0131z.<\/li>\n<li><strong>Kaynak Y\u00f6netimi:<\/strong> Gerekli kaynaklar\u0131 (i\u015f g\u00fcc\u00fc, malzeme, b\u00fct\u00e7e) etkili bir \u015fekilde tahsis ederiz.<\/li>\n<li><strong>Risk Y\u00f6netimi:<\/strong> Olas\u0131 riskleri analiz ederek, \u00f6nleyici stratejiler geli\u015ftirir ve proje s\u00fcrecini g\u00fcvence alt\u0131na al\u0131r\u0131z.<\/li>\n<li><strong>\u0130lerleme \u0130zleme:<\/strong> Proje ilerlemesini d\u00fczenli olarak takip eder ve gerekli d\u00fczeltmeleri yapar\u0131z.<\/li>\n<li><strong>\u0130leti\u015fim Y\u00f6netimi:<\/strong> T\u00fcm payda\u015flarla a\u00e7\u0131k ve etkili ileti\u015fim kurarak, proje s\u00fcrecindeki her a\u015famay\u0131 koordine ederiz.<\/li>\n<\/ul>\n<p>[\/vc_column_text][\/vc_accordion_tab][vc_accordion_tab title=&#8221;De\u011fer M\u00fchendisli\u011fi Yapmak&#8221;][vc_column_text]\u015eirketimiz, projelerde maliyetleri optimize ederken performans ve kaliteyi korumak i\u00e7in de\u011fer m\u00fchendisli\u011fi y\u00f6ntemlerini uygular. Alternatif malzemeler, y\u00f6ntemler ve tasar\u0131mlar de\u011ferlendirerek, daha ekonomik ve verimli \u00e7\u00f6z\u00fcmler sunar\u0131z.[\/vc_column_text][\/vc_accordion_tab][\/vc_accordion][\/vc_column][\/vc_row][vc_row][vc_column][\/vc_column][\/vc_row][vc_row][vc_column][\/vc_column][\/vc_row]<\/p>\n<\/section>","protected":false},"excerpt":{"rendered":"<p>[vc_row css=&#8221;.vc_custom_1433128525365{margin-top: 0px !important;margin-bottom: 40px !important;}&#8221;][vc_column][vc_custom_heading text=&#8221;M\u00fchendislik ve M\u00fc\u015favirlik Hizmetlerimiz&#8221; font_container=&#8221;tag:h2|font_size:20|text_align:left&#8221; el_class=&#8221;heading-title-3&#8243;][vc_column_text]Aksu M\u00fchendislik da\u011f\u0131t\u0131m tesisleri, hastaneler, fabrikalar, al\u0131\u015fveri\u015f merkezileri, i\u015f merkezleri, oteller, sosyal tesisler v.b. gibi tesislerin elektrik, mekanik sistemlerinin projelendirilmesi, ilgili makamlardan onay al\u0131nmas\u0131, m\u00fc\u015favirlik hizmetlerinin verilmesi ve sistem kontrol hizmetleri vermektedir.[\/vc_column_text][\/vc_column][\/vc_row][vc_row css=&#8221;.vc_custom_1433128537128{margin-bottom: 50px !important;}&#8221;][vc_column width=&#8221;1\/2&#8243;][vc_custom_heading text=&#8221;Elektrik Proje Hizmetlerimiz&#8221; font_container=&#8221;tag:h2|font_size:20|text_align:left&#8221; el_class=&#8221;heading-title-3&#8243;][vc_column_text][\/vc_column_text][\/vc_column][vc_column width=&#8221;1\/2&#8243;][vc_empty_space height=&#8221;20&#8243;][vc_column_text]Enerji \u00fcretim, [&hellip;]<\/p>\n","protected":false},"author":1,"featured_media":0,"parent":59,"menu_order":0,"comment_status":"closed","ping_status":"closed","template":"","meta":{"footnotes":""},"class_list":["post-338","page","type-page","status-publish","hentry"],"_links":{"self":[{"href":"https:\/\/aksuengineering.com\/index.php?rest_route=\/wp\/v2\/pages\/338","targetHints":{"allow":["GET"]}}],"collection":[{"href":"https:\/\/aksuengineering.com\/index.php?rest_route=\/wp\/v2\/pages"}],"about":[{"href":"https:\/\/aksuengineering.com\/index.php?rest_route=\/wp\/v2\/types\/page"}],"author":[{"embeddable":true,"href":"https:\/\/aksuengineering.com\/index.php?rest_route=\/wp\/v2\/users\/1"}],"replies":[{"embeddable":true,"href":"https:\/\/aksuengineering.com\/index.php?rest_route=%2Fwp%2Fv2%2Fcomments&post=338"}],"version-history":[{"count":26,"href":"https:\/\/aksuengineering.com\/index.php?rest_route=\/wp\/v2\/pages\/338\/revisions"}],"predecessor-version":[{"id":75541,"href":"https:\/\/aksuengineering.com\/index.php?rest_route=\/wp\/v2\/pages\/338\/revisions\/75541"}],"up":[{"embeddable":true,"href":"https:\/\/aksuengineering.com\/index.php?rest_route=\/wp\/v2\/pages\/59"}],"wp:attachment":[{"href":"https:\/\/aksuengineering.com\/index.php?rest_route=%2Fwp%2Fv2%2Fmedia&parent=338"}],"curies":[{"name":"wp","href":"https:\/\/api.w.org\/{rel}","templated":true}]}}