{"id":61,"date":"2015-03-02T04:38:49","date_gmt":"2015-03-02T04:38:49","guid":{"rendered":"https:\/\/structure.thememove.com\/?page_id=61"},"modified":"2024-09-16T12:26:24","modified_gmt":"2024-09-16T12:26:24","slug":"company","status":"publish","type":"page","link":"https:\/\/aksuengineering.com\/?page_id=61","title":{"rendered":"Hakk\u0131m\u0131zda"},"content":{"rendered":"<section class=\"wpb-content-wrapper\"><p>[vc_row css=&#8221;.vc_custom_1433564201242{margin-top: 20px !important;margin-bottom: 70px !important;}&#8221;][vc_column width=&#8221;1\/4&#8243;][vc_wp_text title=&#8221;V\u0130ZYONUMUZ&#8221;]&nbsp;<\/p>\n<h4><\/h4>\n<div class=\"flex max-w-full flex-col flex-grow\">\n<div class=\"min-h-[20px] text-message flex w-full flex-col items-end gap-2 whitespace-normal break-words [.text-message+&amp;]:mt-5\" dir=\"auto\" data-message-author-role=\"assistant\" data-message-id=\"c5c0ee72-5f3d-44fb-940c-3c2e8377dfab\">\n<div class=\"flex w-full flex-col gap-1 empty:hidden first:pt-[3px]\">\n<h5 class=\"markdown prose w-full break-words dark:prose-invert dark\">Sekt\u00f6rdeki en y\u00fcksek standartlar\u0131 benimseyerek, s\u00fcrd\u00fcr\u00fclebilir ve yenilik\u00e7i \u00e7\u00f6z\u00fcmlerle gelece\u011fin yap\u0131lar\u0131n\u0131 in\u015fa etmek. Her projede m\u00fckemmelli\u011fi hedefleyerek, m\u00fc\u015fteri memnuniyetini en \u00fcst d\u00fczeyde sa\u011flamak.<\/h5>\n<\/div>\n<\/div>\n<\/div>\n<div class=\"mt-1 flex gap-3 empty:hidden -ml-2\">\n<div class=\"items-center justify-start rounded-xl p-1 flex\">\n<div class=\"flex items-center\">\n<div class=\"flex\"><\/div>\n<div class=\"flex items-center pb-0\"><\/div>\n<\/div>\n<\/div>\n<\/div>\n<p>&nbsp;[\/vc_wp_text][\/vc_column][vc_column width=&#8221;3\/4&#8243;][vc_row_inner css=&#8221;.vc_custom_1433561568541{margin-bottom: 50px !important;}&#8221;][vc_column_inner][rev_slider_vc alias=&#8221;about-us&#8221;][\/vc_column_inner][\/vc_row_inner][vc_custom_heading text=&#8221;HAKKIMIZDA&#8221; font_container=&#8221;tag:h2|font_size:20|text_align:left|color:%23111111&#8243; el_class=&#8221;heading-title-3&#8243;][vc_column_text]<\/p>\n<div class=\"flex max-w-full flex-col flex-grow\">\n<div class=\"min-h-[20px] text-message flex w-full flex-col items-end gap-2 whitespace-normal break-words [.text-message+&amp;]:mt-5\" dir=\"auto\" data-message-author-role=\"assistant\" data-message-id=\"349ed343-5549-425b-ba61-871bf41ccf2c\">\n<div class=\"flex w-full flex-col gap-1 empty:hidden first:pt-[3px]\">\n<div class=\"markdown prose w-full break-words dark:prose-invert dark\">\n<p>\u0130n\u015faat ve elektrik sekt\u00f6r\u00fcnde faaliyet g\u00f6steren firmam\u0131z, projelerine yenilik\u00e7i \u00e7\u00f6z\u00fcmlerle yakla\u015farak kaliteli ve g\u00fcvenilir hizmet sunar. Modern altyap\u0131 ve enerji sistemleri kurarak s\u00fcrd\u00fcr\u00fclebilirli\u011fi \u00f6n planda tutuyoruz. Deneyimli ekibimizle birlikte m\u00fc\u015fteri memnuniyetini esas alarak, her projeyi zaman\u0131nda ve titizlikle tamamlamaya odaklan\u0131yoruz. Misyonumuz, sekt\u00f6rdeki en y\u00fcksek standartlar\u0131 sa\u011flayarak, gelece\u011fin altyap\u0131s\u0131n\u0131 bug\u00fcnden in\u015fa etmektir.<\/p><\/div>\n<\/div>\n<\/div>\n<\/div>\n<div class=\"mt-1 flex gap-3 empty:hidden -ml-2\">\n<div class=\"items-center justify-start rounded-xl p-1 flex\">\n<div class=\"flex items-center\">\n<p>&nbsp;<\/p>\n<div class=\"flex\"><\/div>\n<div class=\"flex items-center pb-0\"><\/div>\n<\/div>\n<\/div>\n<\/div>\n<p>[\/vc_column_text][vc_custom_heading text=&#8221;M\u0130SYONUMUZ&#8221; font_container=&#8221;tag:h2|font_size:20|text_align:left|color:%23111111&#8243; el_class=&#8221;heading-title-3&#8243; css=&#8221;.vc_custom_1726425795961{margin-top: 30px !important;}&#8221;][vc_row_inner el_class=&#8221;align-center .certifications-block&#8221;][vc_column_inner width=&#8221;1\/3&#8243;][vc_column_text]<img decoding=\"async\" src=\"https:\/\/structure.thememove.com\/data\/homev2\/about03.jpg\" alt=\"structure\" \/><\/p>\n<h4>G\u00dcVENL\u0130K<\/h4>\n<p>G\u00fcvenlik, temel de\u011ferlerimizin en \u00f6nemlisidir. Her i\u015f g\u00fcn\u00fcnde birinci \u00f6nceli\u011fimizdir.[\/vc_column_text][\/vc_column_inner][vc_column_inner width=&#8221;1\/3&#8243;][vc_column_text]<img decoding=\"async\" src=\"https:\/\/structure.thememove.com\/data\/homev2\/about04.jpg\" alt=\"structure\" \/><\/p>\n<h4>TOPLULUK<\/h4>\n<p>Toplulu\u011fa kat\u0131l\u0131m ve destek, \u015firketimizin merkezinde yer almaktad\u0131r.[\/vc_column_text][\/vc_column_inner][vc_column_inner width=&#8221;1\/3&#8243;][vc_column_text]<img decoding=\"async\" src=\"https:\/\/structure.thememove.com\/data\/homev2\/about05.jpg\" alt=\"structure\" \/><\/p>\n<h4>S\u00dcRD\u00dcR\u00dcLEB\u0130L\u0130RL\u0130K<\/h4>\n<p>Yap\u0131n\u0131n ye\u015fil bina ve s\u00fcrd\u00fcr\u00fclebilirlik konusundaki ba\u011fl\u0131l\u0131\u011f\u0131 uzun s\u00fcredir devam etmektedir.[\/vc_column_text][\/vc_column_inner][\/vc_row_inner][\/vc_column][\/vc_row][vc_row el_class=&#8221;intro4 align-center min-box&#8221; full_width=&#8221;stretch_row_content&#8221; css=&#8221;.vc_custom_1433564144185{margin-bottom: 0px !important;background-color: #fdc502 !important;}&#8221;][vc_column width=&#8221;2\/3&#8243;][vc_custom_heading text=&#8221;Kaliteyi \u00f6ncelik yaparak, g\u00fcvenilir ve<br \/>\nyenilik\u00e7i \u00e7\u00f6z\u00fcmler sunuyoruz!&#8221; font_container=&#8221;tag:h3|font_size:22|text_align:center|color:%23ffffff&#8221; css=&#8221;.vc_custom_1726427187099{padding-bottom: 25px !important;}&#8221;][\/vc_column][vc_column width=&#8221;1\/3&#8243;][vc_btn title=&#8221;B\u0130ZE ULA\u015e&#8221; style=&#8221;outline&#8221; shape=&#8221;square&#8221; color=&#8221;white&#8221; link=&#8221;url:https%3A%2F%2Faksuengineering.com%2F%3Fpage_id%3D67&#8243;][\/vc_column][\/vc_row][vc_row][vc_column][vc_empty_space height=&#8221;70px&#8221;][\/vc_column][\/vc_row][vc_row][vc_column][vc_custom_heading text=&#8221;FAAL\u0130YET ALANLARIMIZ&#8221; font_container=&#8221;tag:h2|font_size:20|text_align:left&#8221; el_class=&#8221;heading-title-3&#8243;][\/vc_column][\/vc_row][vc_row][vc_column][vc_column_text css=&#8221;.vc_custom_1726489435620{padding-bottom: 20px !important;}&#8221;]Firmam\u0131z a\u015fa\u011f\u0131da belirtilen tesislerin her t\u00fcrl\u00fc elektrik sistemlerini projelendirme konusunda geni\u015f ar\u015fiv ve tecr\u00fcbeye sahiptir.<\/p>\n<p><b>\u2022 E\u011fitim Yap\u0131lar\u0131<br \/>\n\u2022 Sa\u011fl\u0131k Yap\u0131lar\u0131<br \/>\n\u2022 Konutlar<br \/>\n\u2022 Al\u0131\u015fveri\u015f Merkezleri<br \/>\n\u2022 Sosyal Yap\u0131lar<br \/>\n\u2022 Ticari Yap\u0131lar<br \/>\n\u2022 \u0130badethaneler<br \/>\n\u2022 Otel ve Turistik Yap\u0131lar<br \/>\n\u2022 Sanayi Tesisleri<\/b>[\/vc_column_text][\/vc_column][\/vc_row]<\/p>\n<\/section>","protected":false},"excerpt":{"rendered":"<p>[vc_row css=&#8221;.vc_custom_1433564201242{margin-top: 20px !important;margin-bottom: 70px !important;}&#8221;][vc_column width=&#8221;1\/4&#8243;][vc_wp_text title=&#8221;V\u0130ZYONUMUZ&#8221;]&nbsp; Sekt\u00f6rdeki en y\u00fcksek standartlar\u0131 benimseyerek, s\u00fcrd\u00fcr\u00fclebilir ve yenilik\u00e7i \u00e7\u00f6z\u00fcmlerle gelece\u011fin yap\u0131lar\u0131n\u0131 in\u015fa etmek. Her projede m\u00fckemmelli\u011fi hedefleyerek, m\u00fc\u015fteri memnuniyetini en \u00fcst d\u00fczeyde sa\u011flamak. &nbsp;[\/vc_wp_text][\/vc_column][vc_column width=&#8221;3\/4&#8243;][vc_row_inner css=&#8221;.vc_custom_1433561568541{margin-bottom: 50px !important;}&#8221;][vc_column_inner][rev_slider_vc alias=&#8221;about-us&#8221;][\/vc_column_inner][\/vc_row_inner][vc_custom_heading text=&#8221;HAKKIMIZDA&#8221; font_container=&#8221;tag:h2|font_size:20|text_align:left|color:%23111111&#8243; el_class=&#8221;heading-title-3&#8243;][vc_column_text] \u0130n\u015faat ve elektrik sekt\u00f6r\u00fcnde faaliyet g\u00f6steren firmam\u0131z, projelerine yenilik\u00e7i \u00e7\u00f6z\u00fcmlerle yakla\u015farak kaliteli ve g\u00fcvenilir hizmet [&hellip;]<\/p>\n","protected":false},"author":1,"featured_media":0,"parent":0,"menu_order":0,"comment_status":"closed","ping_status":"closed","template":"","meta":{"footnotes":""},"class_list":["post-61","page","type-page","status-publish","hentry"],"_links":{"self":[{"href":"https:\/\/aksuengineering.com\/index.php?rest_route=\/wp\/v2\/pages\/61","targetHints":{"allow":["GET"]}}],"collection":[{"href":"https:\/\/aksuengineering.com\/index.php?rest_route=\/wp\/v2\/pages"}],"about":[{"href":"https:\/\/aksuengineering.com\/index.php?rest_route=\/wp\/v2\/types\/page"}],"author":[{"embeddable":true,"href":"https:\/\/aksuengineering.com\/index.php?rest_route=\/wp\/v2\/users\/1"}],"replies":[{"embeddable":true,"href":"https:\/\/aksuengineering.com\/index.php?rest_route=%2Fwp%2Fv2%2Fcomments&post=61"}],"version-history":[{"count":19,"href":"https:\/\/aksuengineering.com\/index.php?rest_route=\/wp\/v2\/pages\/61\/revisions"}],"predecessor-version":[{"id":75640,"href":"https:\/\/aksuengineering.com\/index.php?rest_route=\/wp\/v2\/pages\/61\/revisions\/75640"}],"wp:attachment":[{"href":"https:\/\/aksuengineering.com\/index.php?rest_route=%2Fwp%2Fv2%2Fmedia&parent=61"}],"curies":[{"name":"wp","href":"https:\/\/api.w.org\/{rel}","templated":true}]}}