{"id":73898,"date":"2015-05-25T15:41:53","date_gmt":"2015-05-25T08:41:53","guid":{"rendered":"https:\/\/structure.thememove.com\/?page_id=73898"},"modified":"2024-09-15T17:24:21","modified_gmt":"2024-09-15T17:24:21","slug":"building-ventilation","status":"publish","type":"page","link":"https:\/\/aksuengineering.com\/","title":{"rendered":"Building Ventilation"},"content":{"rendered":"<section class=\"wpb-content-wrapper\"><p>[vc_row type=&#8221;full_width&#8221; full_width=&#8221;stretch_row&#8221;][vc_column][rev_slider_vc alias=&#8221;homepage-v2&#8243;][\/vc_column][\/vc_row][vc_row el_class=&#8221;intro4 align-center&#8221; full_width=&#8221;stretch_row_content&#8221; css=&#8221;.vc_custom_1432632676284{background-color: #fdc502 !important;}&#8221;][vc_column width=&#8221;2\/3&#8243;][vc_custom_heading text=&#8221;Projeniz i\u00e7in y\u00fcksek kaliteli i\u015f \u00e7\u0131karan birilerine mi ihtiyac\u0131n\u0131z var?&#8221; font_container=&#8221;tag:h3|font_size:22|text_align:left|color:%23ffffff&#8221;][\/vc_column][vc_column width=&#8221;1\/3&#8243;][vc_btn title=&#8221;Bize Ula\u015f\u0131n&#8221; style=&#8221;outline&#8221; shape=&#8221;square&#8221; color=&#8221;white&#8221; link=&#8221;url:https%3A%2F%2Faksuengineering.com%2F%3Fpage_id%3D67&#8243;][\/vc_column][\/vc_row][vc_row row_type=&#8221;parallax&#8221; background_image=&#8221;https:\/\/structure.thememove.com\/data\/images\/parallax-portfolio.jpg&#8221; parallax_speed=&#8221;0.5&#8243; el_class=&#8221;projects-7 align-center&#8221; css=&#8221;.vc_custom_1432545112363{padding-top: 60px !important;padding-bottom: 0px !important;}&#8221;][vc_column][vc_custom_heading text=&#8221;Yar\u0131n\u0131n altyap\u0131s\u0131n\u0131 in\u015fa ediyor, enerjiyle gelece\u011fi ayd\u0131nlat\u0131yoruz!&#8221; font_container=&#8221;tag:h2|text_align:left|color:%23ffffff&#8221; el_class=&#8221;heading-title-3&#8243;][\/vc_column][\/vc_row][vc_row background_color=&#8221;#ffffff&#8221; el_class=&#8221;align-center&#8221; css=&#8221;.vc_custom_1429696909808{padding-top: 70px !important;padding-bottom: 40px !important;}&#8221;][vc_column][\/vc_column][\/vc_row][vc_row background_color=&#8221;#ffffff&#8221; el_class=&#8221;certifications align-center&#8221; css=&#8221;.vc_custom_1432544733427{padding-top: 60px !important;padding-bottom: 60px !important;background-color: #f8f8f8 !important;}&#8221;][vc_column][vc_custom_heading text=&#8221;Sertifikalar\u0131m\u0131z&#8221; font_container=&#8221;tag:h2|text_align:left|color:%23111111&#8243; el_class=&#8221;heading-title-3&#8243;][vc_row_inner el_class=&#8221;align-center&#8221;][vc_column_inner width=&#8221;1\/4&#8243;][vc_column_text]<img decoding=\"async\" src=\"https:\/\/structure.thememove.com\/data\/homev2\/big01.png\" alt=\"\" \/><\/p>\n<h3>G\u00dcVENL\u0130K<\/h3>\n<pre id=\"tw-target-text\" class=\"tw-data-text tw-text-large tw-ta\" dir=\"ltr\" data-placeholder=\"\u00c7eviri\" aria-label=\"\u00c7evrilmi\u015f metin\" data-ved=\"2ahUKEwjJl6TIwr6IAxWeR_EDHcXkJyAQ3ewLegQIDRAU\"><span class=\"Y2IQFc\" lang=\"tr\">G\u00fcvenlik temel de\u011ferlerimizin en \u00f6nemlisidir. Bu bizim birinci \u00f6nceli\u011fimizdir.<\/span><\/pre>\n<p>[\/vc_column_text][\/vc_column_inner][vc_column_inner width=&#8221;1\/4&#8243;][vc_column_text]<img decoding=\"async\" src=\"https:\/\/structure.thememove.com\/data\/homev2\/big02.png\" alt=\"\" \/><\/p>\n<h3>TOPLULUK<\/h3>\n<pre id=\"tw-target-text\" class=\"tw-data-text tw-text-large tw-ta\" dir=\"ltr\" data-placeholder=\"\u00c7eviri\" aria-label=\"\u00c7evrilmi\u015f metin\" data-ved=\"2ahUKEwjJl6TIwr6IAxWeR_EDHcXkJyAQ3ewLegQIDRAU\"><span class=\"Y2IQFc\" lang=\"tr\">Toplumun kat\u0131l\u0131m\u0131 ve deste\u011fi bizim i\u00e7in esast\u0131r.<\/span><\/pre>\n<p>[\/vc_column_text][\/vc_column_inner][vc_column_inner width=&#8221;1\/4&#8243;][vc_column_text]<img decoding=\"async\" src=\"https:\/\/structure.thememove.com\/data\/homev2\/big03.png\" alt=\"\" \/><\/p>\n<h3>S\u00dcRD\u00dcR\u00dcLEB\u0130L\u0130RL\u0130K<\/h3>\n<p>&nbsp;<\/p>\n<div class=\"mt-1 flex gap-3 empty:hidden -ml-2\">\n<div class=\"items-center justify-start rounded-xl p-1 flex\">\n<div class=\"flex items-center\">\n<pre id=\"tw-target-text\" class=\"tw-data-text tw-text-large tw-ta\" dir=\"ltr\" data-placeholder=\"\u00c7eviri\" aria-label=\"\u00c7evrilmi\u015f metin\" data-ved=\"2ahUKEwjJl6TIwr6IAxWeR_EDHcXkJyAQ3ewLegQIDRAU\"><span class=\"Y2IQFc\" lang=\"tr\">S\u00fcrd\u00fcr\u00fclebilirli\u011fi temel alarak, \u00e7evre dostu projelerle gelece\u011fi in\u015fa ediyoruz.<\/span><\/pre>\n<p>&nbsp;<\/p>\n<div class=\"flex\"><\/div>\n<div class=\"flex items-center pb-0\"><\/div>\n<\/div>\n<\/div>\n<\/div>\n<p>[\/vc_column_text][\/vc_column_inner][vc_column_inner width=&#8221;1\/4&#8243;][vc_column_text]<img decoding=\"async\" src=\"https:\/\/structure.thememove.com\/data\/homev2\/big04.png\" alt=\"\" \/><\/p>\n<p>&nbsp;<\/p>\n<h3>B\u00dcT\u00dcN\u00dcLK<\/h3>\n<p>&nbsp;<\/p>\n<pre id=\"tw-target-text\" class=\"tw-data-text tw-text-large tw-ta\" dir=\"ltr\" data-placeholder=\"\u00c7eviri\" aria-label=\"\u00c7evrilmi\u015f metin\" data-ved=\"2ahUKEwjJl6TIwr6IAxWeR_EDHcXkJyAQ3ewLegQIDRAU\"><span class=\"Y2IQFc\" lang=\"tr\">D\u00fcr\u00fcstl\u00fck ve d\u00fcr\u00fcstl\u00fck konusunda sars\u0131lmaz bir ba\u011fl\u0131l\u0131kla faaliyet g\u00f6sterdik.<\/span><\/pre>\n<p>[\/vc_column_text][\/vc_column_inner][\/vc_row_inner][\/vc_column][\/vc_row][vc_row row_type=&#8221;parallax&#8221; background_image=&#8221;https:\/\/structure.thememove.com\/data\/homev2\/parallax-2.jpg&#8221; parallax_speed=&#8221;0.3&#8243; el_class=&#8221;counting align-center&#8221; css=&#8221;.vc_custom_1726182335571{padding-top: 100px !important;padding-bottom: 100px !important;}&#8221;][vc_column width=&#8221;1\/2&#8243;][vc_custom_heading text=&#8221;\u0130n\u015faat ve altyap\u0131 projelerinde \u00f6nc\u00fc olmak her zaman hedefimizdir&#8221; font_container=&#8221;tag:h2|font_size:32|text_align:left|color:%23ffffff|line_height:1.3&#8243; el_class=&#8221;heading&#8221;][\/vc_column][vc_column width=&#8221;1\/2&#8243;][vc_row_inner el_class=&#8221;align-center&#8221;][vc_column_inner width=&#8221;1\/3&#8243;][vc_column_text]<img decoding=\"async\" src=\"https:\/\/structure.thememove.com\/data\/homev2\/big05.png\" alt=\"\" \/><\/p>\n<h3><\/h3>\n<p>[\/vc_column_text][vc_custom_heading text=&#8221;500&#8243; font_container=&#8221;tag:h2|font_size:36|text_align:center|color:%23ffffff|line_height:1&#8243; el_class=&#8221;counter&#8221;][vc_custom_heading text=&#8221;Tamamlanm\u0131\u015f Proje&#8221; font_container=&#8221;tag:h4|font_size:16|text_align:center|color:%23bbbbbb|line_height:1&#8243;][\/vc_column_inner][vc_column_inner width=&#8221;1\/3&#8243;][vc_column_text]<img decoding=\"async\" src=\"https:\/\/structure.thememove.com\/data\/homev2\/big06.png\" alt=\"\" \/><\/p>\n<h3><\/h3>\n<p>[\/vc_column_text][vc_custom_heading text=&#8221;250&#8243; font_container=&#8221;tag:h2|font_size:36|text_align:center|color:%23ffffff|line_height:1&#8243; el_class=&#8221;counter&#8221;][vc_custom_heading text=&#8221;\u00c7al\u0131\u015fan Say\u0131s\u0131&#8221; font_container=&#8221;tag:h4|font_size:16|text_align:center|color:%23bbbbbb|line_height:1&#8243;][\/vc_column_inner][vc_column_inner width=&#8221;1\/3&#8243;][vc_column_text]<img decoding=\"async\" src=\"https:\/\/structure.thememove.com\/data\/homev2\/big07.png\" alt=\"\" \/><\/p>\n<h3><\/h3>\n<p>[\/vc_column_text][vc_custom_heading text=&#8221;100&#8243; font_container=&#8221;tag:h2|font_size:36|text_align:center|color:%23ffffff|line_height:1&#8243; el_class=&#8221;counter&#8221;][vc_custom_heading text=&#8221;Kazan\u0131lan \u00d6d\u00fcller&#8221; font_container=&#8221;tag:h4|font_size:16|text_align:center|color:%23bbbbbb|line_height:1&#8243;][\/vc_column_inner][\/vc_row_inner][\/vc_column][\/vc_row]<\/p>\n<\/section>","protected":false},"excerpt":{"rendered":"<p>[vc_row type=&#8221;full_width&#8221; full_width=&#8221;stretch_row&#8221;][vc_column][rev_slider_vc alias=&#8221;homepage-v2&#8243;][\/vc_column][\/vc_row][vc_row el_class=&#8221;intro4 align-center&#8221; full_width=&#8221;stretch_row_content&#8221; css=&#8221;.vc_custom_1432632676284{background-color: #fdc502 !important;}&#8221;][vc_column width=&#8221;2\/3&#8243;][vc_custom_heading text=&#8221;Projeniz i\u00e7in y\u00fcksek kaliteli i\u015f \u00e7\u0131karan birilerine mi ihtiyac\u0131n\u0131z var?&#8221; font_container=&#8221;tag:h3|font_size:22|text_align:left|color:%23ffffff&#8221;][\/vc_column][vc_column width=&#8221;1\/3&#8243;][vc_btn title=&#8221;Bize Ula\u015f\u0131n&#8221; style=&#8221;outline&#8221; shape=&#8221;square&#8221; color=&#8221;white&#8221; link=&#8221;url:https%3A%2F%2Faksuengineering.com%2F%3Fpage_id%3D67&#8243;][\/vc_column][\/vc_row][vc_row row_type=&#8221;parallax&#8221; background_image=&#8221;https:\/\/structure.thememove.com\/data\/images\/parallax-portfolio.jpg&#8221; parallax_speed=&#8221;0.5&#8243; el_class=&#8221;projects-7 align-center&#8221; css=&#8221;.vc_custom_1432545112363{padding-top: 60px !important;padding-bottom: 0px !important;}&#8221;][vc_column][vc_custom_heading text=&#8221;Yar\u0131n\u0131n altyap\u0131s\u0131n\u0131 in\u015fa ediyor, enerjiyle gelece\u011fi ayd\u0131nlat\u0131yoruz!&#8221; font_container=&#8221;tag:h2|text_align:left|color:%23ffffff&#8221; el_class=&#8221;heading-title-3&#8243;][\/vc_column][\/vc_row][vc_row background_color=&#8221;#ffffff&#8221; el_class=&#8221;align-center&#8221; css=&#8221;.vc_custom_1429696909808{padding-top: 70px !important;padding-bottom: 40px !important;}&#8221;][vc_column][\/vc_column][\/vc_row][vc_row [&hellip;]<\/p>\n","protected":false},"author":1,"featured_media":0,"parent":0,"menu_order":0,"comment_status":"closed","ping_status":"closed","template":"","meta":{"footnotes":""},"class_list":["post-73898","page","type-page","status-publish","hentry"],"_links":{"self":[{"href":"https:\/\/aksuengineering.com\/index.php?rest_route=\/wp\/v2\/pages\/73898","targetHints":{"allow":["GET"]}}],"collection":[{"href":"https:\/\/aksuengineering.com\/index.php?rest_route=\/wp\/v2\/pages"}],"about":[{"href":"https:\/\/aksuengineering.com\/index.php?rest_route=\/wp\/v2\/types\/page"}],"author":[{"embeddable":true,"href":"https:\/\/aksuengineering.com\/index.php?rest_route=\/wp\/v2\/users\/1"}],"replies":[{"embeddable":true,"href":"https:\/\/aksuengineering.com\/index.php?rest_route=%2Fwp%2Fv2%2Fcomments&post=73898"}],"version-history":[{"count":9,"href":"https:\/\/aksuengineering.com\/index.php?rest_route=\/wp\/v2\/pages\/73898\/revisions"}],"predecessor-version":[{"id":75596,"href":"https:\/\/aksuengineering.com\/index.php?rest_route=\/wp\/v2\/pages\/73898\/revisions\/75596"}],"wp:attachment":[{"href":"https:\/\/aksuengineering.com\/index.php?rest_route=%2Fwp%2Fv2%2Fmedia&parent=73898"}],"curies":[{"name":"wp","href":"https:\/\/api.w.org\/{rel}","templated":true}]}}